{"id":3361,"date":"2018-04-20T12:18:11","date_gmt":"2018-04-20T10:18:11","guid":{"rendered":"https:\/\/creator.md\/?page_id=3361"},"modified":"2025-05-16T15:45:27","modified_gmt":"2025-05-16T13:45:27","slug":"exports","status":"publish","type":"page","link":"https:\/\/creator.md\/en\/exports\/","title":{"rendered":"Exports"},"content":{"rendered":"<p><span style=\"font-size: 10pt;\">* All images presented on the website are for presentation purposes only. Stock availability (cloth, accessories, etc.) should be checked at our company's office placed at Calea Ie\u0219ilor 91 street, or through phone call at number +373 68682448.<\/span><\/p>\n<p>[wp-tiles post_type=&#8221;export&#8221; orderby=&#8221;date&#8221; order=&#8221;DESC&#8221; grids=&#8221;adrian&#8221; small_screen_grid=&#8221;adrian&#8221; breakpoint=&#8221;800&#8243; padding=&#8221;5&#8243; pagination=&#8221;paging&#8221; grid_selector_color=&#8221;#444444&#8243;]<\/p>","protected":false},"excerpt":{"rendered":"<p>*\u00a0 Toate imaginile de pe site sunt cu titlu de prezentare. Stocul materiei prime (stofe, furnitur\u0103, etc.) urmeaz\u0103 s\u0103 fie verificat la sediul \u00eentreprinderii str. Calea Ie\u0219ilor 91 sau la urm\u0103torul num\u0103r de telefon +373 68682448. [wp-tiles post_type=&#8221;export&#8221; orderby=&#8221;date&#8221; order=&#8221;DESC&#8221; grids=&#8221;adrian&#8221; small_screen_grid=&#8221;adrian&#8221; breakpoint=&#8221;800&#8243; padding=&#8221;5&#8243; pagination=&#8221;paging&#8221; grid_selector_color=&#8221;#444444&#8243;]<\/p>","protected":false},"author":6,"featured_media":0,"parent":0,"menu_order":0,"comment_status":"closed","ping_status":"closed","template":"","meta":{"inline_featured_image":false,"footnotes":""},"class_list":["post-3361","page","type-page","status-publish","hentry","is-cat-link-borders-light is-cat-link-rounded"],"_links":{"self":[{"href":"https:\/\/creator.md\/en\/wp-json\/wp\/v2\/pages\/3361","targetHints":{"allow":["GET"]}}],"collection":[{"href":"https:\/\/creator.md\/en\/wp-json\/wp\/v2\/pages"}],"about":[{"href":"https:\/\/creator.md\/en\/wp-json\/wp\/v2\/types\/page"}],"author":[{"embeddable":true,"href":"https:\/\/creator.md\/en\/wp-json\/wp\/v2\/users\/6"}],"replies":[{"embeddable":true,"href":"https:\/\/creator.md\/en\/wp-json\/wp\/v2\/comments?post=3361"}],"version-history":[{"count":7,"href":"https:\/\/creator.md\/en\/wp-json\/wp\/v2\/pages\/3361\/revisions"}],"predecessor-version":[{"id":51842,"href":"https:\/\/creator.md\/en\/wp-json\/wp\/v2\/pages\/3361\/revisions\/51842"}],"wp:attachment":[{"href":"https:\/\/creator.md\/en\/wp-json\/wp\/v2\/media?parent=3361"}],"curies":[{"name":"wp","href":"https:\/\/api.w.org\/{rel}","templated":true}]}}